{"id":74,"date":"2023-11-20T14:36:55","date_gmt":"2023-11-20T13:36:55","guid":{"rendered":"https:\/\/syl-abogados.com\/?page_id=74"},"modified":"2023-11-20T14:37:05","modified_gmt":"2023-11-20T13:37:05","slug":"politica-de-cookies","status":"publish","type":"page","link":"https:\/\/syl-abogados.com\/index.php\/politica-de-cookies\/","title":{"rendered":"Pol\u00edtica de cookies"},"content":{"rendered":"\n<p><strong>INFORMACI\u00d3N SOBRE COOKIES<\/strong><\/p>\n\n\n\n<p>Las&nbsp;<em>cookies&nbsp;<\/em>y otras tecnolog\u00edas similares tales como local shared objects, flash&nbsp;<em>cookies&nbsp;<\/em>o p\u00edxeles, son herramientas empleadas por los servidores Web para almacenar y recuperar informaci\u00f3n acerca de sus visitantes, as\u00ed como para ofrecer un correcto funcionamiento del sitio.<\/p>\n\n\n\n<p>Mediante el uso de estos dispositivos se permite al servidor Web recordar algunos datos concernientes al usuario, como sus preferencias para la visualizaci\u00f3n de las p\u00e1ginas de ese servidor, nombre y contrase\u00f1a, productos que m\u00e1s le interesan, etc.&nbsp;<\/p>\n\n\n\n<p><strong>COOKIES AFECTADAS POR LA NORMATIVA Y COOKIES EXCEPTUADAS<\/strong><\/p>\n\n\n\n<p>&nbsp;Conforme con la Ley 34\/2002, de 11 de julio, de servicios de la sociedad de la informaci\u00f3n y de comercio electr\u00f3nico (LSSI), en relaci\u00f3n con el Reglamento (UE) 2016\/679 del Parlamento Europeo y del Consejo, de 27 de abril de 2016, General de Protecci\u00f3n de Datos (GDPR) y la Ley Org\u00e1nica 3\/2018, de 5 de diciembre, de Protecci\u00f3n de Datos y Garant\u00eda de los Derechos Digitales (LOPDGDD), es obligado obtener el consentimiento expreso del usuario de todas las p\u00e1ginas web que usan cookies prescindibles, antes de que este navegue por ellas.<\/p>\n\n\n\n<p>Seg\u00fan la directiva de la UE, las&nbsp;<em>cookies&nbsp;<\/em>que requieren el consentimiento informado por parte del usuario son las&nbsp;<em>cookies&nbsp;<\/em>de anal\u00edtica y las de publicidad y afiliaci\u00f3n, quedando exceptuadas las de car\u00e1cter t\u00e9cnico y las necesarias para el funcionamiento del sitio web o la prestaci\u00f3n de servicios expresamente solicitados por el usuario.<\/p>\n\n\n\n<p><strong>TIPOS DE COOKIES<\/strong><\/p>\n\n\n\n<p><strong>SEG\u00daN LA FINALIDAD<\/strong><\/p>\n\n\n\n<ul class=\"wp-block-list\">\n<li><strong><em>Cookies&nbsp;<\/em><\/strong><strong>t\u00e9cnicas y funcionales<\/strong>: son aquellas que permiten al usuario la navegaci\u00f3n a trav\u00e9s de una p\u00e1gina web, plataforma o aplicaci\u00f3n y la utilizaci\u00f3n de las diferentes opciones o servicios que en ella existan<em>.<\/em><\/li>\n\n\n\n<li><strong><em>Cookies&nbsp;<\/em><\/strong><strong>anal\u00edticas<\/strong>: son aquellas que permiten al responsable de las mismas el seguimiento y an\u00e1lisis del comportamiento de los usuarios de los sitios web a los que est\u00e1n vinculadas. La informaci\u00f3n recogida mediante este tipo de&nbsp;<em>cookies<\/em>&nbsp;se utiliza en la medici\u00f3n de la actividad de los sitios web, aplicaci\u00f3n o plataforma y para la elaboraci\u00f3n de perfiles de navegaci\u00f3n de los usuarios de dichos sitios, aplicaciones y plataformas, con el fin de introducir mejoras en funci\u00f3n del an\u00e1lisis de los datos de uso que hacen los usuarios del servicio.<\/li>\n\n\n\n<li><strong><em>Cookies<\/em><\/strong>&nbsp;<strong>publicitarias:<\/strong>&nbsp;son aquellas que permiten la gesti\u00f3n, de la forma m\u00e1s eficaz posible, de los espacios publicitarios que, en su caso, el editor haya incluido en una p\u00e1gina web, aplicaci\u00f3n o plataforma desde la que presta el servicio solicitado en base a criterios como el contenido editado o la frecuencia en la que se muestran los anuncios.<\/li>\n\n\n\n<li><strong><em>Cookies&nbsp;<\/em><\/strong><strong>de publicidad comportamental<\/strong>: recogen informaci\u00f3n sobre las preferencias y elecciones personales del usuario (<em>retargeting<\/em>) para permitir la gesti\u00f3n, de la forma m\u00e1s eficaz posible, de los espacios publicitarios que, en su caso, el editor haya incluido en una p\u00e1gina web, aplicaci\u00f3n o plataforma desde la que presta el servicio solicitado.<\/li>\n<\/ul>\n\n\n\n<p><strong>SEG\u00daN LA PROPIEDAD<\/strong><\/p>\n\n\n\n<ul class=\"wp-block-list\">\n<li><strong><em>Cookies<\/em><\/strong><strong>&nbsp;propias<\/strong>: son aquellas que se env\u00edan al equipo terminal del usuario desde un equipo o dominio gestionado por el propio editor y desde el que se presta el servicio solicitado por el usuario.<\/li>\n\n\n\n<li><strong><em>Cookies<\/em><\/strong>&nbsp;<strong>de terceros:<\/strong>&nbsp;son aquellas que se env\u00edan al equipo terminal del usuario desde un equipo o dominio que no es gestionado por el editor, sino por otra entidad que trata los datos obtenidos trav\u00e9s de las cookies.<\/li>\n<\/ul>\n\n\n\n<p><strong>SEG\u00daN EL PLAZO DE CONSERVACI\u00d3N<\/strong><\/p>\n\n\n\n<ul class=\"wp-block-list\">\n<li><strong><em>Cookies<\/em><\/strong><strong>&nbsp;de sesi\u00f3n:<\/strong>&nbsp;son un tipo de&nbsp;<em>cookies<\/em>&nbsp;dise\u00f1adas para recabar y almacenar datos mientras el usuario accede a una p\u00e1gina web.<\/li>\n\n\n\n<li><strong><em>Cookies<\/em><\/strong><strong>&nbsp;persistentes:<\/strong>&nbsp;son un tipo de cookies en el que los datos siguen almacenados en el terminal y pueden ser accedidos y tratados durante un per\u00edodo definido por el responsable de la&nbsp;<em>cookie<\/em>, y que puede ir de unos minutos a varios a\u00f1os.<\/li>\n<\/ul>\n\n\n\n<p><strong>TRATAMIENTO DE DATOS PERSONALES<\/strong><\/p>\n\n\n\n<p>Syl &#8211; Abogados es\u00a0<strong>Responsable del tratamiento<\/strong>\u00a0de los datos personales del\u00a0<strong>Interesado\u00a0<\/strong>y le informa de que estos datos ser\u00e1n tratados de conformidad con lo dispuesto en el Reglamento (UE) 2016\/679, de 27 de abril de 2016 (GDPR), por lo que se le facilita la siguiente informaci\u00f3n del tratamiento:<\/p>\n\n\n\n<p><strong>Fines del tratamiento:&nbsp;<\/strong>seg\u00fan se especifica en el apartado de&nbsp;<em>cookies&nbsp;<\/em>que se utilizan en este sitio web.<\/p>\n\n\n\n<p><strong>Legitimaci\u00f3n del tratamiento<\/strong>: por consentimiento del interesado (art. 6.1 GDPR).<\/p>\n\n\n\n<p><strong>Criterios de conservaci\u00f3n de los datos<\/strong>: seg\u00fan se especifica en el apartado de&nbsp;<em>cookies&nbsp;<\/em>utilizadas en la web.<\/p>\n\n\n\n<p><strong>Comunicaci\u00f3n de los datos<\/strong>: no se comunicar\u00e1n los datos a terceros, excepto en cookies propiedad de terceros o por obligaci\u00f3n legal.<\/p>\n\n\n\n<p><strong>Derechos que asisten al Interesado<\/strong>:<\/p>\n\n\n\n<p>\u2013 Derecho a retirar el consentimiento en cualquier momento.<\/p>\n\n\n\n<p>\u2013 Derecho de acceso, rectificaci\u00f3n, portabilidad y supresi\u00f3n de sus datos y a la limitaci\u00f3n u oposici\u00f3n a su tratamiento.<\/p>\n\n\n\n<p>\u2013 Derecho a presentar una reclamaci\u00f3n ante la Autoridad de control (www.aepd.es) si considera que el tratamiento no se ajusta a la normativa vigente.<\/p>\n\n\n\n<p><strong>Datos de contacto para ejercer sus derechos:<\/strong><\/p>\n\n\n\n<p>Syl &#8211; Abogados: E-mail:\u00a0contacto@syl-abogados.com<\/p>\n\n\n\n<p><strong>COOKIES UTILIZADAS EN ESTE SITIO WEB<\/strong><\/p>\n\n\n\n<figure class=\"wp-block-table\"><table><tbody><tr><td><strong>PANEL DE CONFIGURACI\u00d3N<\/strong><\/td><\/tr><tr><td><strong>COOKIES ANAL\u00cdTICAS<\/strong><strong>O&nbsp;<\/strong>Marcar o desmarcar seg\u00fan se desee aceptar o rechazar la instalaci\u00f3n de estas cookies.<\/td><\/tr><\/tbody><\/table><\/figure>\n\n\n\n<figure class=\"wp-block-table\"><table><tbody><tr><td>NOMBRE<\/td><td>TIPO<\/td><td>PROPIEDAD<\/td><td>FINALIDAD<\/td><td>PLAZO<\/td><td>OBSERVACIONES<\/td><\/tr><tr><td><strong>_ga<\/strong><\/td><td>Anal\u00edtica<\/td><td>Google Analytics<\/td><td>Habilita la funci\u00f3n de control de visitas \u00fanicas. La primera vez que un usuario entre en el sitio web a trav\u00e9s de un navegador se instalar\u00e1 esta&nbsp;<em>cookie<\/em>. Cuando este usuario vuelva a entrar en la web con el mismo navegador, la&nbsp;<em>cookie&nbsp;<\/em>considerar\u00e1 que es el mismo usuario. Solo en el caso de que el usuario cambie de navegador, se considerar\u00e1 otro usuario<\/td><td>2 a\u00f1os<\/td><td>Persistente<\/td><\/tr><tr><td>_<strong>gat<\/strong><\/td><td>Anal\u00edtica<\/td><td>Google Analytics<\/td><td>Se utiliza para limitar la velocidad de petici\u00f3n \u2013 la limitaci\u00f3n de la recogida de datos en los sitios de alto tr\u00e1fico<\/td><td>10 minutos<\/td><td>Sesi\u00f3n<\/td><\/tr><tr><td><strong>_gid<\/strong><\/td><td>Anal\u00edtica<\/td><td>Google Analytics<\/td><td>Se utiliza para distinguir a los usuarios<\/td><td>24 horas<\/td><td>Sesi\u00f3n<\/td><\/tr><\/tbody><\/table><\/figure>\n\n\n\n<p>Obtener m\u00e1s informaci\u00f3n para&nbsp;<strong>deshabilitar las&nbsp;<em>cookies<\/em><\/strong>&nbsp;de Google Analytics:<\/p>\n\n\n\n<ul class=\"wp-block-list\">\n<li><a href=\"https:\/\/policies.google.com\/technologies\/managing\">Pol\u00edtica de privacidad de&nbsp;<\/a><a href=\"https:\/\/tools.google.com\/dlpage\/gaoptout\">Google<\/a><\/li>\n\n\n\n<li><a href=\"https:\/\/support.google.com\/analytics\/answer\/181881?hl=es\">Exclusi\u00f3n de Google Analytics<\/a><\/li>\n<\/ul>\n\n\n\n<figure class=\"wp-block-table\"><table><tbody><tr><td><strong>PANEL DE CONFIGURACI\u00d3N<\/strong><\/td><\/tr><tr><td><strong>COOKIES DE PUBLICIDAD COMPORTAMENTAL<\/strong><strong>O&nbsp;<\/strong>Marcar o desmarcar seg\u00fan se desee aceptar o rechazar la instalaci\u00f3n de estas cookies.<\/td><\/tr><\/tbody><\/table><\/figure>\n\n\n\n<figure class=\"wp-block-table\"><table><tbody><tr><td>NOMBRE<\/td><td>TIPO<\/td><td>PROPIEDAD<\/td><td>FINALIDAD<\/td><td>PLAZO<\/td><td>OBSERVACIONES<\/td><\/tr><tr><td><strong>_gads<\/strong><\/td><td>Publicitaria<\/td><td>Google<\/td><td><em>Cookie&nbsp;<\/em>asociada al servicio de&nbsp;<em>Doubleclick.net&nbsp;<\/em>de Google para que el due\u00f1o pueda ganar cr\u00e9dito<\/td><td>1 a\u00f1o<\/td><td>Persistente<\/td><\/tr><tr><td><strong>_sonar<\/strong><\/td><td>Publicitaria<\/td><td>Doubleclick.net<\/td><td>Se utiliza para mejorar y orientar la publicidad seg\u00fan el contenido que es relevante para un usuario, mejorar los informes de rendimiento de la campa\u00f1a y evitar mostrar anuncios que el usuario ya haya visto&nbsp;<em>Doubleclick.net<\/em><\/td><td>1 a\u00f1o<\/td><td>Persistente<\/td><\/tr><tr><td><strong>_ncuid<\/strong><\/td><td>Publicitaria<\/td><td>Google<\/td><td>Se utiliza para medir el rendimiento de los anuncios y proporcionar recomendaciones relativas a productos basadas en datos estad\u00edsticos<\/td><td>6 meses<\/td><td>Persistente<\/td><\/tr><tr><td><strong>IDE<\/strong><\/td><td>Publicitaria<\/td><td>Doubleclick.net<\/td><td>Se utiliza para la focalizaci\u00f3n, optimizaci\u00f3n, presentaci\u00f3n de informes y atribuci\u00f3n de anuncios en l\u00ednea.<\/td><td>1 a\u00f1o<\/td><td>Persistente<\/td><\/tr><tr><td><strong>_conv_v<\/strong><strong>bt2<\/strong><strong>&nbsp;<\/strong><strong>di2<\/strong><strong>&nbsp;<\/strong><strong>dt<\/strong><strong>&nbsp;<\/strong><strong>loc<\/strong><strong>&nbsp;<\/strong><strong>ssc<\/strong><strong>&nbsp;<\/strong><strong>ssh<\/strong><strong>&nbsp;<\/strong><strong>ssshs<\/strong><strong>&nbsp;<\/strong><strong>uid<\/strong><strong>&nbsp;<\/strong><strong>um<\/strong><strong>&nbsp;<\/strong><strong>uvc<\/strong><strong>&nbsp;<\/strong><strong>vc<\/strong><\/td><td>Publicitaria<\/td><td>AddThis<\/td><td>Se utilizan para habilitar el contenido con el fin de ser compartido.&nbsp;AddThis tambi\u00e9n se utiliza para recopilar informaci\u00f3n sobre c\u00f3mo se comparte contenido del sitio web<\/td><td>2 a\u00f1os, excepto:&nbsp;&nbsp;&nbsp;_conv_v: 1 a\u00f1o,&nbsp;bt2: 8 meses,&nbsp;dt: 30 d\u00edas<\/td><td>Persistentes<\/td><\/tr><\/tbody><\/table><\/figure>\n\n\n\n<figure class=\"wp-block-table\"><table><tbody><tr><td><strong>C\u00d3MO ELIMINAR LAS COOKIES DE LOS NAVEGADORES M\u00c1S COMUNES<\/strong><\/td><\/tr><\/tbody><\/table><\/figure>\n\n\n\n<figure class=\"wp-block-table\"><table><tbody><tr><td><strong>Chrome<\/strong><\/td><td><a href=\"http:\/\/support.google.com\/chrome\/answer\/95647?hl=es\">http:\/\/support.google.com\/chrome\/answer\/95647?hl=es<\/a><\/td><\/tr><tr><td><strong>Internet Explorer. Versi\u00f3n 11<\/strong><\/td><td><a href=\"https:\/\/support.microsoft.com\/es-es\/help\/278835\/how-to-delete-cookie-files-in-internet-explorer\">https:\/\/support.microsoft.com\/es-es\/help\/278835\/how-to-delete-cookie-files-in-internet-explorer<\/a><\/td><\/tr><tr><td><strong>Firefox. Versi\u00f3n 65.0.1<\/strong><\/td><td><a href=\"https:\/\/www.mozilla.org\/es-ES\/privacy\/websites\/#cookies\">https:\/\/www.mozilla.org\/es-ES\/privacy\/websites\/#cookies<\/a><\/td><\/tr><tr><td><strong>Safari Versi\u00f3n 5.1<\/strong><\/td><td><a href=\"https:\/\/support.apple.com\/es-es\/guide\/safari\/sfri11471\/mac\">https:\/\/support.apple.com\/es-es\/guide\/safari\/sfri11471\/mac<\/a><\/td><\/tr><tr><td><strong>Opera<\/strong><\/td><td><a href=\"https:\/\/help.opera.com\/en\/latest\/security-and-privacy\/#clearBrowsingData\">https:\/\/help.opera.com\/en\/latest\/security-and-privacy\/#clearBrowsingData<\/a><\/td><\/tr><\/tbody><\/table><\/figure>\n","protected":false},"excerpt":{"rendered":"<p>INFORMACI\u00d3N SOBRE COOKIES Las&nbsp;cookies&nbsp;y otras tecnolog\u00edas similares tales como local shared objects, flash&nbsp;cookies&nbsp;o p\u00edxeles, son herramientas empleadas por los servidores Web para almacenar y recuperar informaci\u00f3n acerca de sus visitantes, as\u00ed como para ofrecer un correcto funcionamiento del sitio. Mediante el uso de estos dispositivos se permite al servidor Web recordar algunos datos concernientes al [&hellip;]<\/p>\n","protected":false},"author":1,"featured_media":0,"parent":0,"menu_order":0,"comment_status":"closed","ping_status":"closed","template":"","meta":{"_et_pb_use_builder":"off","_et_pb_old_content":"","_et_gb_content_width":"","footnotes":""},"class_list":["post-74","page","type-page","status-publish","hentry"],"yoast_head":"<!-- This site is optimized with the Yoast SEO Premium plugin v21.0 (Yoast SEO v25.6) - https:\/\/yoast.com\/wordpress\/plugins\/seo\/ -->\n<title>Pol\u00edtica de cookies - syl-abogados<\/title>\n<meta name=\"robots\" content=\"index, nofollow, max-snippet:-1, max-image-preview:large, max-video-preview:-1\" \/>\n<link rel=\"canonical\" href=\"https:\/\/syl-abogados.com\/index.php\/politica-de-cookies\/\" \/>\n<meta property=\"og:locale\" content=\"es_ES\" \/>\n<meta property=\"og:type\" content=\"article\" \/>\n<meta property=\"og:title\" content=\"Pol\u00edtica de cookies\" \/>\n<meta property=\"og:description\" content=\"INFORMACI\u00d3N SOBRE COOKIES Las&nbsp;cookies&nbsp;y otras tecnolog\u00edas similares tales como local shared objects, flash&nbsp;cookies&nbsp;o p\u00edxeles, son herramientas empleadas por los servidores Web para almacenar y recuperar informaci\u00f3n acerca de sus visitantes, as\u00ed como para ofrecer un correcto funcionamiento del sitio. Mediante el uso de estos dispositivos se permite al servidor Web recordar algunos datos concernientes al [&hellip;]\" \/>\n<meta property=\"og:url\" content=\"https:\/\/syl-abogados.com\/index.php\/politica-de-cookies\/\" \/>\n<meta property=\"og:site_name\" content=\"syl-abogados\" \/>\n<meta property=\"article:modified_time\" content=\"2023-11-20T13:37:05+00:00\" \/>\n<meta name=\"twitter:card\" content=\"summary_large_image\" \/>\n<meta name=\"twitter:label1\" content=\"Tiempo de lectura\" \/>\n\t<meta name=\"twitter:data1\" content=\"6 minutos\" \/>\n<script type=\"application\/ld+json\" class=\"yoast-schema-graph\">{\"@context\":\"https:\/\/schema.org\",\"@graph\":[{\"@type\":\"WebPage\",\"@id\":\"https:\/\/syl-abogados.com\/index.php\/politica-de-cookies\/\",\"url\":\"https:\/\/syl-abogados.com\/index.php\/politica-de-cookies\/\",\"name\":\"Pol\u00edtica de cookies - syl-abogados\",\"isPartOf\":{\"@id\":\"https:\/\/syl-abogados.com\/#website\"},\"datePublished\":\"2023-11-20T13:36:55+00:00\",\"dateModified\":\"2023-11-20T13:37:05+00:00\",\"breadcrumb\":{\"@id\":\"https:\/\/syl-abogados.com\/index.php\/politica-de-cookies\/#breadcrumb\"},\"inLanguage\":\"es\",\"potentialAction\":[{\"@type\":\"ReadAction\",\"target\":[\"https:\/\/syl-abogados.com\/index.php\/politica-de-cookies\/\"]}]},{\"@type\":\"BreadcrumbList\",\"@id\":\"https:\/\/syl-abogados.com\/index.php\/politica-de-cookies\/#breadcrumb\",\"itemListElement\":[{\"@type\":\"ListItem\",\"position\":1,\"name\":\"Home\",\"item\":\"https:\/\/syl-abogados.com\/\"},{\"@type\":\"ListItem\",\"position\":2,\"name\":\"Pol\u00edtica de cookies\"}]},{\"@type\":\"WebSite\",\"@id\":\"https:\/\/syl-abogados.com\/#website\",\"url\":\"https:\/\/syl-abogados.com\/\",\"name\":\"syl-abogados\",\"description\":\"\",\"potentialAction\":[{\"@type\":\"SearchAction\",\"target\":{\"@type\":\"EntryPoint\",\"urlTemplate\":\"https:\/\/syl-abogados.com\/?s={search_term_string}\"},\"query-input\":{\"@type\":\"PropertyValueSpecification\",\"valueRequired\":true,\"valueName\":\"search_term_string\"}}],\"inLanguage\":\"es\"}]}<\/script>\n<!-- \/ Yoast SEO Premium plugin. -->","yoast_head_json":{"title":"Pol\u00edtica de cookies - syl-abogados","robots":{"index":"index","follow":"nofollow","max-snippet":"max-snippet:-1","max-image-preview":"max-image-preview:large","max-video-preview":"max-video-preview:-1"},"canonical":"https:\/\/syl-abogados.com\/index.php\/politica-de-cookies\/","og_locale":"es_ES","og_type":"article","og_title":"Pol\u00edtica de cookies","og_description":"INFORMACI\u00d3N SOBRE COOKIES Las&nbsp;cookies&nbsp;y otras tecnolog\u00edas similares tales como local shared objects, flash&nbsp;cookies&nbsp;o p\u00edxeles, son herramientas empleadas por los servidores Web para almacenar y recuperar informaci\u00f3n acerca de sus visitantes, as\u00ed como para ofrecer un correcto funcionamiento del sitio. Mediante el uso de estos dispositivos se permite al servidor Web recordar algunos datos concernientes al [&hellip;]","og_url":"https:\/\/syl-abogados.com\/index.php\/politica-de-cookies\/","og_site_name":"syl-abogados","article_modified_time":"2023-11-20T13:37:05+00:00","twitter_card":"summary_large_image","twitter_misc":{"Tiempo de lectura":"6 minutos"},"schema":{"@context":"https:\/\/schema.org","@graph":[{"@type":"WebPage","@id":"https:\/\/syl-abogados.com\/index.php\/politica-de-cookies\/","url":"https:\/\/syl-abogados.com\/index.php\/politica-de-cookies\/","name":"Pol\u00edtica de cookies - syl-abogados","isPartOf":{"@id":"https:\/\/syl-abogados.com\/#website"},"datePublished":"2023-11-20T13:36:55+00:00","dateModified":"2023-11-20T13:37:05+00:00","breadcrumb":{"@id":"https:\/\/syl-abogados.com\/index.php\/politica-de-cookies\/#breadcrumb"},"inLanguage":"es","potentialAction":[{"@type":"ReadAction","target":["https:\/\/syl-abogados.com\/index.php\/politica-de-cookies\/"]}]},{"@type":"BreadcrumbList","@id":"https:\/\/syl-abogados.com\/index.php\/politica-de-cookies\/#breadcrumb","itemListElement":[{"@type":"ListItem","position":1,"name":"Home","item":"https:\/\/syl-abogados.com\/"},{"@type":"ListItem","position":2,"name":"Pol\u00edtica de cookies"}]},{"@type":"WebSite","@id":"https:\/\/syl-abogados.com\/#website","url":"https:\/\/syl-abogados.com\/","name":"syl-abogados","description":"","potentialAction":[{"@type":"SearchAction","target":{"@type":"EntryPoint","urlTemplate":"https:\/\/syl-abogados.com\/?s={search_term_string}"},"query-input":{"@type":"PropertyValueSpecification","valueRequired":true,"valueName":"search_term_string"}}],"inLanguage":"es"}]}},"_links":{"self":[{"href":"https:\/\/syl-abogados.com\/index.php\/wp-json\/wp\/v2\/pages\/74","targetHints":{"allow":["GET"]}}],"collection":[{"href":"https:\/\/syl-abogados.com\/index.php\/wp-json\/wp\/v2\/pages"}],"about":[{"href":"https:\/\/syl-abogados.com\/index.php\/wp-json\/wp\/v2\/types\/page"}],"author":[{"embeddable":true,"href":"https:\/\/syl-abogados.com\/index.php\/wp-json\/wp\/v2\/users\/1"}],"replies":[{"embeddable":true,"href":"https:\/\/syl-abogados.com\/index.php\/wp-json\/wp\/v2\/comments?post=74"}],"version-history":[{"count":1,"href":"https:\/\/syl-abogados.com\/index.php\/wp-json\/wp\/v2\/pages\/74\/revisions"}],"predecessor-version":[{"id":76,"href":"https:\/\/syl-abogados.com\/index.php\/wp-json\/wp\/v2\/pages\/74\/revisions\/76"}],"wp:attachment":[{"href":"https:\/\/syl-abogados.com\/index.php\/wp-json\/wp\/v2\/media?parent=74"}],"curies":[{"name":"wp","href":"https:\/\/api.w.org\/{rel}","templated":true}]}}